{"id":28,"date":"2025-07-14T23:11:06","date_gmt":"2025-07-14T23:11:06","guid":{"rendered":"http:\/\/www.tabancam.net\/?page_id=28"},"modified":"2025-07-15T18:46:17","modified_gmt":"2025-07-15T18:46:17","slug":"homepage","status":"publish","type":"page","link":"http:\/\/www.tabancam.net\/","title":{"rendered":"\u00c7ete Arms"},"content":{"rendered":"\n<div class=\"wp-block-cover alignfull is-light\" style=\"min-height:100vh;aspect-ratio:unset;\"><video class=\"wp-block-cover__video-background intrinsic-ignore\" autoplay muted loop playsinline src=\"http:\/\/www.tabancam.net\/wp-content\/uploads\/2025\/07\/DEVGRU-1.mp4\" data-object-fit=\"cover\"><\/video><span aria-hidden=\"true\" class=\"wp-block-cover__background has-background-dim-20 has-background-dim\" style=\"background-color:#FFF\"><\/span><div class=\"wp-block-cover__inner-container has-global-padding is-layout-constrained wp-block-cover-is-layout-constrained\">\n<p class=\"has-text-align-center has-white-color has-text-color has-max-60-font-size\" style=\"font-style:normal;font-weight:900;line-height:1.2\">\u00c7ETE ARMS<\/p>\n\n\n\n<p class=\"has-text-align-center has-white-color has-text-color has-medium-font-size\">Silah ve Savunma<\/p>\n<\/div><\/div>\n\n\n\n<div class=\"wp-block-group alignwide has-global-padding is-layout-constrained wp-block-group-is-layout-constrained\">\n<div style=\"height:57px\" aria-hidden=\"true\" class=\"wp-block-spacer\"><\/div>\n\n\n\n<h1 class=\"wp-block-heading has-text-align-center has-medium-font-size\" style=\"letter-spacing:1px\"><mark style=\"background-color:rgba(0, 0, 0, 0)\" class=\"has-inline-color has-white-color\">Silahlarla ilgili her\u015fey<\/mark><\/h1>\n\n\n\n<p class=\"has-text-align-center\"><mark style=\"background-color:rgba(0, 0, 0, 0)\" class=\"has-inline-color has-white-color\">Bizimle daha g\u00fczel ve daha g\u00fcvenli<\/mark><\/p>\n<\/div>\n\n\n\n<div id=\"services\" class=\"wp-block-group alignfull pattern_multiple_covers has-background has-global-padding is-layout-constrained wp-block-group-is-layout-constrained\">\n<div style=\"height:84px\" aria-hidden=\"true\" class=\"wp-block-spacer\"><\/div>\n\n\n\n<h2 class=\"wp-block-heading has-text-align-left\"><mark style=\"background-color:rgba(0, 0, 0, 0)\" class=\"has-inline-color has-white-color\">Hizmetlerimiz<\/mark><\/h2>\n\n\n\n<p class=\"has-text-align-left\"><mark style=\"background-color:rgba(0, 0, 0, 0)\" class=\"has-inline-color has-white-color\">Silahlar\u0131n\u0131z emin ellerde&#8230;<\/mark><\/p>\n\n\n\n<div style=\"height:46px\" aria-hidden=\"true\" class=\"wp-block-spacer\"><\/div>\n\n\n\n<div class=\"wp-block-columns is-layout-flex wp-container-core-columns-is-layout-28f84493 wp-block-columns-is-layout-flex\">\n<div class=\"wp-block-column is-layout-flow wp-block-column-is-layout-flow\" style=\"padding-top:0;padding-right:0;padding-bottom:0;padding-left:0\">\n<div class=\"wp-block-cover has-custom-content-position is-position-bottom-left\" style=\"padding-top:var(--wp--preset--spacing--small);padding-right:var(--wp--preset--spacing--x-small);padding-bottom:var(--wp--preset--spacing--small);padding-left:var(--wp--preset--spacing--x-small)\"><img loading=\"lazy\" decoding=\"async\" width=\"512\" height=\"512\" class=\"wp-block-cover__image-background wp-image-33 size-full\" alt=\"\" src=\"http:\/\/www.tabancam.net\/wp-content\/uploads\/2025\/07\/cropped-image.png\" data-object-fit=\"cover\" srcset=\"http:\/\/www.tabancam.net\/wp-content\/uploads\/2025\/07\/cropped-image.png 512w, http:\/\/www.tabancam.net\/wp-content\/uploads\/2025\/07\/cropped-image-300x300.png 300w, http:\/\/www.tabancam.net\/wp-content\/uploads\/2025\/07\/cropped-image-150x150.png 150w, http:\/\/www.tabancam.net\/wp-content\/uploads\/2025\/07\/cropped-image-270x270.png 270w, http:\/\/www.tabancam.net\/wp-content\/uploads\/2025\/07\/cropped-image-192x192.png 192w, http:\/\/www.tabancam.net\/wp-content\/uploads\/2025\/07\/cropped-image-180x180.png 180w, http:\/\/www.tabancam.net\/wp-content\/uploads\/2025\/07\/cropped-image-32x32.png 32w\" sizes=\"auto, (max-width: 512px) 100vw, 512px\" \/><span aria-hidden=\"true\" class=\"wp-block-cover__background has-primary-background-color has-background-dim-70 has-background-dim\"><\/span><div class=\"wp-block-cover__inner-container is-layout-flow wp-block-cover-is-layout-flow\">\n<h3 class=\"wp-block-heading has-white-color has-text-color has-medium-font-size\" style=\"margin-top:0;margin-right:0;margin-bottom:0;margin-left:0\">Onar\u0131m<\/h3>\n<\/div><\/div>\n<\/div>\n\n\n\n<div class=\"wp-block-column is-layout-flow wp-block-column-is-layout-flow\" style=\"padding-top:0;padding-right:0;padding-bottom:0;padding-left:0\">\n<div class=\"wp-block-cover has-custom-content-position is-position-bottom-left\" style=\"padding-top:var(--wp--preset--spacing--small);padding-right:var(--wp--preset--spacing--x-small);padding-bottom:var(--wp--preset--spacing--small);padding-left:var(--wp--preset--spacing--x-small)\"><img loading=\"lazy\" decoding=\"async\" width=\"480\" height=\"480\" class=\"wp-block-cover__image-background wp-image-15 size-full\" alt=\"\" src=\"http:\/\/www.tabancam.net\/wp-content\/uploads\/2025\/07\/image-1.png\" data-object-fit=\"cover\" srcset=\"http:\/\/www.tabancam.net\/wp-content\/uploads\/2025\/07\/image-1.png 480w, http:\/\/www.tabancam.net\/wp-content\/uploads\/2025\/07\/image-1-300x300.png 300w, http:\/\/www.tabancam.net\/wp-content\/uploads\/2025\/07\/image-1-150x150.png 150w\" sizes=\"auto, (max-width: 480px) 100vw, 480px\" \/><span aria-hidden=\"true\" class=\"wp-block-cover__background has-primary-background-color has-background-dim-70 has-background-dim\"><\/span><div class=\"wp-block-cover__inner-container is-layout-flow wp-block-cover-is-layout-flow\">\n<h3 class=\"wp-block-heading has-white-color has-text-color has-medium-font-size\" style=\"margin-top:0;margin-right:0;margin-bottom:0;margin-left:0\">Bak\u0131m<\/h3>\n<\/div><\/div>\n<\/div>\n\n\n\n<div class=\"wp-block-column is-layout-flow wp-block-column-is-layout-flow\" style=\"padding-top:0;padding-right:0;padding-bottom:0;padding-left:0\">\n<div class=\"wp-block-cover has-custom-content-position is-position-bottom-left\" style=\"padding-top:var(--wp--preset--spacing--small);padding-right:var(--wp--preset--spacing--x-small);padding-bottom:var(--wp--preset--spacing--small);padding-left:var(--wp--preset--spacing--x-small)\"><img loading=\"lazy\" decoding=\"async\" width=\"617\" height=\"737\" class=\"wp-block-cover__image-background wp-image-34 size-full\" alt=\"\" src=\"http:\/\/www.tabancam.net\/wp-content\/uploads\/2025\/07\/cropped-image-1.png\" data-object-fit=\"cover\" srcset=\"http:\/\/www.tabancam.net\/wp-content\/uploads\/2025\/07\/cropped-image-1.png 617w, http:\/\/www.tabancam.net\/wp-content\/uploads\/2025\/07\/cropped-image-1-251x300.png 251w\" sizes=\"auto, (max-width: 617px) 100vw, 617px\" \/><span aria-hidden=\"true\" class=\"wp-block-cover__background has-primary-background-color has-background-dim-70 has-background-dim\"><\/span><div class=\"wp-block-cover__inner-container is-layout-flow wp-block-cover-is-layout-flow\">\n<h3 class=\"wp-block-heading has-white-color has-text-color has-medium-font-size\" style=\"margin-top:0;margin-right:0;margin-bottom:0;margin-left:0\">Servis<\/h3>\n<\/div><\/div>\n<\/div>\n<\/div>\n\n\n\n<div style=\"height:103px\" aria-hidden=\"true\" class=\"wp-block-spacer\"><\/div>\n<\/div>\n\n\n\n<div id=\"partners\" class=\"wp-block-group has-global-padding is-content-justification-center is-layout-constrained wp-container-core-group-is-layout-dc06fb1d wp-block-group-is-layout-constrained\">\n<div class=\"wp-block-group has-global-padding is-content-justification-left is-layout-constrained wp-container-core-group-is-layout-5d29898d wp-block-group-is-layout-constrained\" style=\"padding-top:0px;padding-right:0;padding-bottom:var(--wp--preset--spacing--small);padding-left:0\">\n<p class=\"has-text-align-center\"><mark style=\"background-color:rgba(0, 0, 0, 0)\" class=\"has-inline-color has-white-color\">\u00c7\u00f6z\u00fcm Ortaklar\u0131m\u0131z<\/mark><\/p>\n<\/div>\n\n\n\n<div class=\"wp-block-group has-global-padding is-layout-constrained wp-block-group-is-layout-constrained\">\n<div class=\"wp-block-columns are-vertically-aligned-center is-layout-flex wp-container-core-columns-is-layout-28f84493 wp-block-columns-is-layout-flex\">\n<div class=\"wp-block-column is-vertically-aligned-center is-layout-flow wp-block-column-is-layout-flow\" style=\"flex-basis:20%\">\n<figure class=\"wp-block-image size-full\"><a href=\"https:\/\/www.sisiad.org.tr\/\" target=\"_blank\" rel=\" noreferrer noopener\"><img loading=\"lazy\" decoding=\"async\" width=\"135\" height=\"53\" src=\"http:\/\/www.tabancam.net\/wp-content\/uploads\/2025\/07\/sisiad.jpg\" alt=\"\" class=\"wp-image-812\"\/><\/a><\/figure>\n<\/div>\n\n\n\n<div class=\"wp-block-column is-vertically-aligned-center is-layout-flow wp-block-column-is-layout-flow\" style=\"flex-basis:20%\">\n<figure class=\"wp-block-image size-full\"><a href=\"https:\/\/ythobby.com.tr\/\" target=\"_blank\" rel=\" noreferrer noopener\"><img loading=\"lazy\" decoding=\"async\" width=\"332\" height=\"127\" src=\"http:\/\/www.tabancam.net\/wp-content\/uploads\/2025\/07\/yukseltepe.png\" alt=\"\" class=\"wp-image-809\" srcset=\"http:\/\/www.tabancam.net\/wp-content\/uploads\/2025\/07\/yukseltepe.png 332w, http:\/\/www.tabancam.net\/wp-content\/uploads\/2025\/07\/yukseltepe-300x115.png 300w\" sizes=\"auto, (max-width: 332px) 100vw, 332px\" \/><\/a><\/figure>\n<\/div>\n\n\n\n<div class=\"wp-block-column is-vertically-aligned-center is-layout-flow wp-block-column-is-layout-flow\" style=\"flex-basis:20%\">\n<figure class=\"wp-block-image size-large\"><a href=\"https:\/\/www.tabancakabzesi.com\/\" target=\"_blank\" rel=\" noreferrer noopener\"><img loading=\"lazy\" decoding=\"async\" width=\"1024\" height=\"292\" src=\"http:\/\/www.tabancam.net\/wp-content\/uploads\/2025\/07\/tabanca-kabzesi-1024x292.png\" alt=\"\" class=\"wp-image-810\" srcset=\"http:\/\/www.tabancam.net\/wp-content\/uploads\/2025\/07\/tabanca-kabzesi-1024x292.png 1024w, http:\/\/www.tabancam.net\/wp-content\/uploads\/2025\/07\/tabanca-kabzesi-300x85.png 300w, http:\/\/www.tabancam.net\/wp-content\/uploads\/2025\/07\/tabanca-kabzesi.png 1488w\" sizes=\"auto, (max-width: 1024px) 100vw, 1024px\" \/><\/a><\/figure>\n<\/div>\n\n\n\n<div class=\"wp-block-column is-vertically-aligned-center is-layout-flow wp-block-column-is-layout-flow\" style=\"flex-basis:20%\">\n<figure class=\"wp-block-image size-full\"><a href=\"https:\/\/www.kozluoglu.com\/\" target=\"_blank\" rel=\" noreferrer noopener\"><img loading=\"lazy\" decoding=\"async\" width=\"291\" height=\"74\" src=\"http:\/\/www.tabancam.net\/wp-content\/uploads\/2025\/07\/kozluoglu.webp\" alt=\"\" class=\"wp-image-811\"\/><\/a><\/figure>\n<\/div>\n\n\n\n<div class=\"wp-block-column is-vertically-aligned-center is-layout-flow wp-block-column-is-layout-flow\" style=\"flex-basis:20%\">\n<figure class=\"wp-block-image size-full wp-duotone-unset-1\"><a href=\"https:\/\/www.kahramanmaras.pol.tr\/\" target=\"_blank\" rel=\" noreferrer noopener\"><img loading=\"lazy\" decoding=\"async\" width=\"255\" height=\"65\" src=\"http:\/\/www.tabancam.net\/wp-content\/uploads\/2025\/07\/kahramanmaras_emniyet_logo.png\" alt=\"\" class=\"wp-image-813\"\/><\/a><\/figure>\n<\/div>\n<\/div>\n<\/div>\n\n\n\n<div style=\"height:100px\" aria-hidden=\"true\" class=\"wp-block-spacer\"><\/div>\n<\/div>\n\n\n\n<div class=\"wp-block-cover alignfull has-parallax is-position-center-center\" style=\"border-radius:0px;min-height:430px;aspect-ratio:unset;\"><div class=\"wp-block-cover__image-background wp-image-798 size-large has-parallax\" style=\"background-position:50% 50%;background-image:url(http:\/\/www.tabancam.net\/wp-content\/uploads\/2025\/07\/wallpaperflare.com_wallpaper-1024x576.jpg)\"><\/div><span aria-hidden=\"true\" class=\"wp-block-cover__background has-black-background-color has-background-dim-40 has-background-dim\"><\/span><div class=\"wp-block-cover__inner-container is-layout-flow wp-block-cover-is-layout-flow\">\n<div class=\"wp-block-group has-global-padding is-layout-constrained wp-block-group-is-layout-constrained\">\n<h3 class=\"wp-block-heading has-text-align-center has-text-color has-medium-font-size\" style=\"color:#fffffa;text-transform:uppercase\">do\u011fru adrestesiniz<\/h3>\n\n\n\n<p class=\"has-text-align-center has-white-color has-text-color\">Her t\u00fcrl\u00fc bak\u0131m onar\u0131m ve servis hizmetleri i\u00e7in<\/p>\n\n\n\n<div style=\"height:31px\" aria-hidden=\"true\" class=\"wp-block-spacer\"><\/div>\n\n\n\n<div class=\"wp-block-buttons is-horizontal is-content-justification-center is-layout-flex wp-container-core-buttons-is-layout-03627597 wp-block-buttons-is-layout-flex\">\n<div class=\"wp-block-button is-style-outline is-style-outline--2\"><a class=\"wp-block-button__link has-white-color has-text-color wp-element-button\" href=\"http:\/\/www.tabancam.net\/?page_id=30\" style=\"border-radius:0px\">Bizimle ileti\u015fime ge\u00e7in<\/a><\/div>\n<\/div>\n<\/div>\n<\/div><\/div>\n\n\n\n<p><\/p>\n","protected":false},"excerpt":{"rendered":"<p>Silahlarla ilgili her\u015fey Bizimle daha g\u00fczel ve daha g\u00fcvenli Hizmetlerimiz Silahlar\u0131n\u0131z emin ellerde&#8230; \u00c7\u00f6z\u00fcm Ortaklar\u0131m\u0131z<\/p>\n","protected":false},"author":1,"featured_media":0,"parent":0,"menu_order":0,"comment_status":"closed","ping_status":"closed","template":"page-templates\/homepage-builder-bb.php","meta":{"inspiro_hide_title":false,"footnotes":""},"class_list":["post-28","page","type-page","status-publish","hentry"],"featured_media_urls":[],"_links":{"self":[{"href":"http:\/\/www.tabancam.net\/index.php?rest_route=\/wp\/v2\/pages\/28","targetHints":{"allow":["GET"]}}],"collection":[{"href":"http:\/\/www.tabancam.net\/index.php?rest_route=\/wp\/v2\/pages"}],"about":[{"href":"http:\/\/www.tabancam.net\/index.php?rest_route=\/wp\/v2\/types\/page"}],"author":[{"embeddable":true,"href":"http:\/\/www.tabancam.net\/index.php?rest_route=\/wp\/v2\/users\/1"}],"replies":[{"embeddable":true,"href":"http:\/\/www.tabancam.net\/index.php?rest_route=%2Fwp%2Fv2%2Fcomments&post=28"}],"version-history":[{"count":15,"href":"http:\/\/www.tabancam.net\/index.php?rest_route=\/wp\/v2\/pages\/28\/revisions"}],"predecessor-version":[{"id":818,"href":"http:\/\/www.tabancam.net\/index.php?rest_route=\/wp\/v2\/pages\/28\/revisions\/818"}],"wp:attachment":[{"href":"http:\/\/www.tabancam.net\/index.php?rest_route=%2Fwp%2Fv2%2Fmedia&parent=28"}],"curies":[{"name":"wp","href":"https:\/\/api.w.org\/{rel}","templated":true}]}}